{"id":26,"date":"2022-06-14T14:36:15","date_gmt":"2022-06-14T12:36:15","guid":{"rendered":"https:\/\/helenassist.com\/?page_id=26"},"modified":"2022-09-29T15:35:23","modified_gmt":"2022-09-29T13:35:23","slug":"a-propos","status":"publish","type":"page","link":"https:\/\/helenassist.com\/index.php\/a-propos\/","title":{"rendered":"A propos"},"content":{"rendered":"\t\t<div data-elementor-type=\"wp-page\" data-elementor-id=\"26\" class=\"elementor elementor-26\" data-elementor-post-type=\"page\">\n\t\t\t\t\t\t<section class=\"elementor-section elementor-top-section elementor-element elementor-element-3b52d6ab elementor-section-content-middle elementor-section-full_width elementor-reverse-mobile elementor-reverse-tablet elementor-section-height-default elementor-section-height-default\" data-id=\"3b52d6ab\" data-element_type=\"section\" data-e-type=\"section\">\n\t\t\t\t\t\t<div class=\"elementor-container elementor-column-gap-no\">\n\t\t\t\t\t<div class=\"elementor-column elementor-col-100 elementor-top-column elementor-element elementor-element-619c5e8d\" data-id=\"619c5e8d\" data-element_type=\"column\" data-e-type=\"column\">\n\t\t\t<div class=\"elementor-widget-wrap elementor-element-populated\">\n\t\t\t\t\t\t<div class=\"elementor-element elementor-element-320410c0 elementor-widget elementor-widget-heading\" data-id=\"320410c0\" data-element_type=\"widget\" data-e-type=\"widget\" data-widget_type=\"heading.default\">\n\t\t\t\t<div class=\"elementor-widget-container\">\n\t\t\t\t\t<h1 class=\"elementor-heading-title elementor-size-default\">A propos...<\/h1>\t\t\t\t<\/div>\n\t\t\t\t<\/div>\n\t\t\t\t<div class=\"elementor-element elementor-element-7c9d9f40 elementor-widget elementor-widget-text-editor\" data-id=\"7c9d9f40\" data-element_type=\"widget\" data-e-type=\"widget\" data-widget_type=\"text-editor.default\">\n\t\t\t\t<div class=\"elementor-widget-container\">\n\t\t\t\t\t\t\t\t\t<p>40 ans c\u2019est l\u2019\u00e2ge auquel on aspire \u00e0 faire quelque chose qui nous tient r\u00e9ellement \u00e0 c\u0153ur.<\/p><p>\u00a0<\/p><p>Vous cherchez une assistante qui se passionnera pour votre projet et qui saura vous accompagner, vous \u00eates au bon endroit. \u00a0<\/p><p>\u00a0<\/p><p>Assistante en entreprise pendant 15 ans, j\u2019ai pu d\u00e9velopper de nombreuses comp\u00e9tences dans des domaines aussi vari\u00e9s que : Service Client, Assistante Export, Import, Qualit\u00e9, SAV, Logistique, Approvisionnement, Achats.<\/p><p>Je parle anglais et espagnol couramment.<\/p><p>Ce que je pr\u00e9f\u00e8re\u00a0? Tout.<\/p><p>J\u2019aime la polyvalence, l\u2019op\u00e9rationnel, l\u2019administratif, le contact, les \u00e9changes, le national et l\u2019international.\u00a0 J\u2019aime apprendre et me former.<\/p><p>\u00a0<\/p><p>Oui mais voil\u00e0, un jour on se r\u00e9veille et on se rend compte que ce Tout n\u2019est pas assez.<\/p><p>Envie de plus d\u2019ind\u00e9pendance, d\u2019autonomie, de libert\u00e9.<\/p><p>Envie de remettre au centre certaines valeurs, telles que la bienveillance, la confiance et l\u2019\u00e9thique.<\/p><p>Envie de travailler avec des personnes engag\u00e9es, des passionn\u00e9s, des r\u00eaveurs, des artisans.<\/p><p>Envie de valoriser des produits \u00e9co-responsables, des cr\u00e9ations, des concepts \u00e9thiques, l\u2019Humain.<\/p><p>\u00a0<\/p><p>Avec Helen\u2019 Assist je concr\u00e9tise ce projet.<\/p><p>J\u2019ai \u00e0 c\u0153ur de vous proposer un service sur mesure pour une exp\u00e9rience client unique.<\/p><p>Vous trouverez dans la rubrique Services un \u00e9chantillon des possibilit\u00e9s de collaboration qui s\u2019offrent \u00e0 nous.<\/p><p>Contactez-moi pour me parler de votre projet.<\/p>\t\t\t\t\t\t\t\t<\/div>\n\t\t\t\t<\/div>\n\t\t\t\t<div class=\"elementor-element elementor-element-37c2f74 elementor-align-center elementor-mobile-align-center elementor-widget elementor-widget-button\" data-id=\"37c2f74\" data-element_type=\"widget\" data-e-type=\"widget\" data-widget_type=\"button.default\">\n\t\t\t\t<div class=\"elementor-widget-container\">\n\t\t\t\t\t\t\t\t\t<div class=\"elementor-button-wrapper\">\n\t\t\t\t\t<a class=\"elementor-button elementor-button-link elementor-size-sm\" href=\"https:\/\/helenassist.com\/index.php\/contact\/\">\n\t\t\t\t\t\t<span class=\"elementor-button-content-wrapper\">\n\t\t\t\t\t\t\t\t\t<span class=\"elementor-button-text\">Me Contacter<\/span>\n\t\t\t\t\t<\/span>\n\t\t\t\t\t<\/a>\n\t\t\t\t<\/div>\n\t\t\t\t\t\t\t\t<\/div>\n\t\t\t\t<\/div>\n\t\t\t\t\t<\/div>\n\t\t<\/div>\n\t\t\t\t\t<\/div>\n\t\t<\/section>\n\t\t\t\t<section class=\"elementor-section elementor-top-section elementor-element elementor-element-3b3ef975 elementor-section-content-middle elementor-section-full_width elementor-section-height-default elementor-section-height-default\" data-id=\"3b3ef975\" data-element_type=\"section\" data-e-type=\"section\">\n\t\t\t\t\t\t<div class=\"elementor-container elementor-column-gap-no\">\n\t\t\t\t\t<div class=\"elementor-column elementor-col-50 elementor-top-column elementor-element elementor-element-3e6e6c68\" data-id=\"3e6e6c68\" data-element_type=\"column\" data-e-type=\"column\">\n\t\t\t<div class=\"elementor-widget-wrap elementor-element-populated\">\n\t\t\t\t\t\t<div class=\"elementor-element elementor-element-7dd3532 elementor-widget elementor-widget-heading\" data-id=\"7dd3532\" data-element_type=\"widget\" data-e-type=\"widget\" data-widget_type=\"heading.default\">\n\t\t\t\t<div class=\"elementor-widget-container\">\n\t\t\t\t\t<h2 class=\"elementor-heading-title elementor-size-default\">Bonus Facts<\/h2>\t\t\t\t<\/div>\n\t\t\t\t<\/div>\n\t\t\t\t<div class=\"elementor-element elementor-element-66908aac elementor-widget elementor-widget-text-editor\" data-id=\"66908aac\" data-element_type=\"widget\" data-e-type=\"widget\" data-widget_type=\"text-editor.default\">\n\t\t\t\t<div class=\"elementor-widget-container\">\n\t\t\t\t\t\t\t\t\t<p>\u00a0<\/p><ul><li>J\u2019ai \u00e9t\u00e9 \u00e9lue Best Colleague of the Year 12 ans d\u2019affil\u00e9s (c\u2019est faux, ce concours n\u2019existe pas). Le jour o\u00f9 j\u2019ai d\u00e9missionn\u00e9, le cours du mouchoir a grimp\u00e9 en fl\u00e8che. J\u2019\u00e9tais la premi\u00e8re \u00e0 d\u00e9valiser les rayons. J\u2019aime les gens et ils me le rendent bien.<\/li><\/ul><p>\u00a0<\/p><ul><li>Je fais la plonge dans le restaurant de mes parents depuis l\u2019\u00e2ge de 4 ans. J\u2019ai r\u00e9cemment \u00e9t\u00e9 promue serveuse officielle le dimanche. Je suis pers\u00e9v\u00e9rante.<\/li><\/ul><p>\u00a0<\/p><ul><li>J\u2019ai grandi au milieu de 4 fr\u00e8res et s\u0153urs : j\u2019ai le sens de l\u2019humour, de la r\u00e9partie, de la d\u00e9rision, de la n\u00e9gociation et des affaires.<\/li><\/ul><p>\u00a0<\/p><ul><li>Je ne connais toujours pas ma droite et ma gauche et cela ne me pose aucun probl\u00e8me pour m&rsquo;orienter. Le monde est ma maison et ma maison m\u2019offre aujourd\u2019hui une porte sur le monde.<\/li><\/ul><div id=\"merciapp-alerts-panel-container\" data-unique-field-id=\"058fc097228c4fb21c31953b0fa74a26-1664443324582\">\u00a0<\/div><div id=\"merciapp-alerts-panel-container\" data-unique-field-id=\"8f520da20d653d323b0b43467fb1e6b3-1664443428016\">\u00a0<\/div>\t\t\t\t\t\t\t\t<\/div>\n\t\t\t\t<\/div>\n\t\t\t\t\t<\/div>\n\t\t<\/div>\n\t\t\t\t<div class=\"elementor-column elementor-col-50 elementor-top-column elementor-element elementor-element-76a849fe\" data-id=\"76a849fe\" data-element_type=\"column\" data-e-type=\"column\">\n\t\t\t<div class=\"elementor-widget-wrap elementor-element-populated\">\n\t\t\t\t\t\t<div class=\"elementor-element elementor-element-3d410fb8 elementor-widget elementor-widget-image\" data-id=\"3d410fb8\" data-element_type=\"widget\" data-e-type=\"widget\" data-widget_type=\"image.default\">\n\t\t\t\t<div class=\"elementor-widget-container\">\n\t\t\t\t\t\t\t\t\t\t\t\t\t\t\t<img fetchpriority=\"high\" decoding=\"async\" width=\"612\" height=\"612\" src=\"https:\/\/helenassist.com\/wp-content\/uploads\/2022\/07\/profile-pic-3.png\" class=\"attachment-large size-large wp-image-259\" alt=\"Photo profil Helen Assist\" srcset=\"https:\/\/helenassist.com\/wp-content\/uploads\/2022\/07\/profile-pic-3.png 612w, https:\/\/helenassist.com\/wp-content\/uploads\/2022\/07\/profile-pic-3-300x300.png 300w, https:\/\/helenassist.com\/wp-content\/uploads\/2022\/07\/profile-pic-3-150x150.png 150w\" sizes=\"(max-width: 612px) 100vw, 612px\" style=\"width:100%;height:100%;max-width:612px\" \/>\t\t\t\t\t\t\t\t\t\t\t\t\t\t\t<\/div>\n\t\t\t\t<\/div>\n\t\t\t\t\t<\/div>\n\t\t<\/div>\n\t\t\t\t\t<\/div>\n\t\t<\/section>\n\t\t\t\t<section class=\"elementor-section elementor-top-section elementor-element elementor-element-9bcaa9e elementor-section-boxed elementor-section-height-default elementor-section-height-default\" data-id=\"9bcaa9e\" data-element_type=\"section\" data-e-type=\"section\">\n\t\t\t\t\t\t<div class=\"elementor-container elementor-column-gap-default\">\n\t\t\t\t\t<div class=\"elementor-column elementor-col-100 elementor-top-column elementor-element elementor-element-b706520\" data-id=\"b706520\" data-element_type=\"column\" data-e-type=\"column\">\n\t\t\t<div class=\"elementor-widget-wrap\">\n\t\t\t\t\t\t\t<\/div>\n\t\t<\/div>\n\t\t\t\t\t<\/div>\n\t\t<\/section>\n\t\t\t\t<\/div>\n\t\t","protected":false},"excerpt":{"rendered":"<p>A propos&#8230; 40 ans c\u2019est l\u2019\u00e2ge auquel on aspire \u00e0 faire quelque chose qui nous tient r\u00e9ellement \u00e0 c\u0153ur. \u00a0 Vous cherchez une assistante qui se passionnera pour votre projet et qui saura vous accompagner, vous \u00eates au bon endroit. \u00a0 \u00a0 Assistante en entreprise pendant 15 ans, j\u2019ai pu d\u00e9velopper de nombreuses comp\u00e9tences dans&hellip; <a class=\"more-link\" href=\"https:\/\/helenassist.com\/index.php\/a-propos\/\">Poursuivre la lecture <span class=\"screen-reader-text\">A propos<\/span><\/a><\/p>\n","protected":false},"author":1,"featured_media":0,"parent":0,"menu_order":0,"comment_status":"closed","ping_status":"closed","template":"elementor_header_footer","meta":{"footnotes":""},"class_list":["post-26","page","type-page","status-publish","hentry","entry"],"yoast_head":"<!-- This site is optimized with the Yoast SEO plugin v27.4 - https:\/\/yoast.com\/product\/yoast-seo-wordpress\/ -->\n<title>A propos - Helen&#039; Assist<\/title>\n<meta name=\"robots\" content=\"index, follow, max-snippet:-1, max-image-preview:large, max-video-preview:-1\" \/>\n<link rel=\"canonical\" href=\"https:\/\/helenassist.com\/index.php\/a-propos\/\" \/>\n<meta property=\"og:locale\" content=\"fr_FR\" \/>\n<meta property=\"og:type\" content=\"article\" \/>\n<meta property=\"og:title\" content=\"A propos - Helen&#039; Assist\" \/>\n<meta property=\"og:description\" content=\"A propos&#8230; 40 ans c\u2019est l\u2019\u00e2ge auquel on aspire \u00e0 faire quelque chose qui nous tient r\u00e9ellement \u00e0 c\u0153ur. \u00a0 Vous cherchez une assistante qui se passionnera pour votre projet et qui saura vous accompagner, vous \u00eates au bon endroit. \u00a0 \u00a0 Assistante en entreprise pendant 15 ans, j\u2019ai pu d\u00e9velopper de nombreuses comp\u00e9tences dans&hellip; Poursuivre la lecture A propos\" \/>\n<meta property=\"og:url\" content=\"https:\/\/helenassist.com\/index.php\/a-propos\/\" \/>\n<meta property=\"og:site_name\" content=\"Helen&#039; Assist\" \/>\n<meta property=\"article:modified_time\" content=\"2022-09-29T13:35:23+00:00\" \/>\n<meta property=\"og:image\" content=\"https:\/\/helenassist.com\/wp-content\/uploads\/2022\/07\/profile-pic-3.png\" \/>\n<meta name=\"twitter:card\" content=\"summary_large_image\" \/>\n<meta name=\"twitter:label1\" content=\"Dur\u00e9e de lecture estim\u00e9e\" \/>\n\t<meta name=\"twitter:data1\" content=\"2 minutes\" \/>\n<script type=\"application\/ld+json\" class=\"yoast-schema-graph\">{\"@context\":\"https:\\\/\\\/schema.org\",\"@graph\":[{\"@type\":\"WebPage\",\"@id\":\"https:\\\/\\\/helenassist.com\\\/index.php\\\/a-propos\\\/\",\"url\":\"https:\\\/\\\/helenassist.com\\\/index.php\\\/a-propos\\\/\",\"name\":\"A propos - Helen&#039; Assist\",\"isPartOf\":{\"@id\":\"https:\\\/\\\/helenassist.com\\\/#website\"},\"primaryImageOfPage\":{\"@id\":\"https:\\\/\\\/helenassist.com\\\/index.php\\\/a-propos\\\/#primaryimage\"},\"image\":{\"@id\":\"https:\\\/\\\/helenassist.com\\\/index.php\\\/a-propos\\\/#primaryimage\"},\"thumbnailUrl\":\"https:\\\/\\\/helenassist.com\\\/wp-content\\\/uploads\\\/2022\\\/07\\\/profile-pic-3.png\",\"datePublished\":\"2022-06-14T12:36:15+00:00\",\"dateModified\":\"2022-09-29T13:35:23+00:00\",\"breadcrumb\":{\"@id\":\"https:\\\/\\\/helenassist.com\\\/index.php\\\/a-propos\\\/#breadcrumb\"},\"inLanguage\":\"fr-FR\",\"potentialAction\":[{\"@type\":\"ReadAction\",\"target\":[\"https:\\\/\\\/helenassist.com\\\/index.php\\\/a-propos\\\/\"]}]},{\"@type\":\"ImageObject\",\"inLanguage\":\"fr-FR\",\"@id\":\"https:\\\/\\\/helenassist.com\\\/index.php\\\/a-propos\\\/#primaryimage\",\"url\":\"https:\\\/\\\/helenassist.com\\\/wp-content\\\/uploads\\\/2022\\\/07\\\/profile-pic-3.png\",\"contentUrl\":\"https:\\\/\\\/helenassist.com\\\/wp-content\\\/uploads\\\/2022\\\/07\\\/profile-pic-3.png\",\"width\":612,\"height\":612,\"caption\":\"Photo profil Helen Assist\"},{\"@type\":\"BreadcrumbList\",\"@id\":\"https:\\\/\\\/helenassist.com\\\/index.php\\\/a-propos\\\/#breadcrumb\",\"itemListElement\":[{\"@type\":\"ListItem\",\"position\":1,\"name\":\"Accueil\",\"item\":\"https:\\\/\\\/helenassist.com\\\/\"},{\"@type\":\"ListItem\",\"position\":2,\"name\":\"A propos\"}]},{\"@type\":\"WebSite\",\"@id\":\"https:\\\/\\\/helenassist.com\\\/#website\",\"url\":\"https:\\\/\\\/helenassist.com\\\/\",\"name\":\"Helen&#039; Assist\",\"description\":\"L&#039;Assistante qui vous fait gagner du temps\",\"publisher\":{\"@id\":\"https:\\\/\\\/helenassist.com\\\/#organization\"},\"potentialAction\":[{\"@type\":\"SearchAction\",\"target\":{\"@type\":\"EntryPoint\",\"urlTemplate\":\"https:\\\/\\\/helenassist.com\\\/?s={search_term_string}\"},\"query-input\":{\"@type\":\"PropertyValueSpecification\",\"valueRequired\":true,\"valueName\":\"search_term_string\"}}],\"inLanguage\":\"fr-FR\"},{\"@type\":\"Organization\",\"@id\":\"https:\\\/\\\/helenassist.com\\\/#organization\",\"name\":\"Helen&#039; Assist\",\"url\":\"https:\\\/\\\/helenassist.com\\\/\",\"logo\":{\"@type\":\"ImageObject\",\"inLanguage\":\"fr-FR\",\"@id\":\"https:\\\/\\\/helenassist.com\\\/#\\\/schema\\\/logo\\\/image\\\/\",\"url\":\"https:\\\/\\\/helenassist.com\\\/wp-content\\\/uploads\\\/2022\\\/07\\\/Helen-Assist.png\",\"contentUrl\":\"https:\\\/\\\/helenassist.com\\\/wp-content\\\/uploads\\\/2022\\\/07\\\/Helen-Assist.png\",\"width\":1500,\"height\":1500,\"caption\":\"Helen&#039; Assist\"},\"image\":{\"@id\":\"https:\\\/\\\/helenassist.com\\\/#\\\/schema\\\/logo\\\/image\\\/\"}}]}<\/script>\n<!-- \/ Yoast SEO plugin. -->","yoast_head_json":{"title":"A propos - Helen&#039; Assist","robots":{"index":"index","follow":"follow","max-snippet":"max-snippet:-1","max-image-preview":"max-image-preview:large","max-video-preview":"max-video-preview:-1"},"canonical":"https:\/\/helenassist.com\/index.php\/a-propos\/","og_locale":"fr_FR","og_type":"article","og_title":"A propos - Helen&#039; Assist","og_description":"A propos&#8230; 40 ans c\u2019est l\u2019\u00e2ge auquel on aspire \u00e0 faire quelque chose qui nous tient r\u00e9ellement \u00e0 c\u0153ur. \u00a0 Vous cherchez une assistante qui se passionnera pour votre projet et qui saura vous accompagner, vous \u00eates au bon endroit. \u00a0 \u00a0 Assistante en entreprise pendant 15 ans, j\u2019ai pu d\u00e9velopper de nombreuses comp\u00e9tences dans&hellip; Poursuivre la lecture A propos","og_url":"https:\/\/helenassist.com\/index.php\/a-propos\/","og_site_name":"Helen&#039; Assist","article_modified_time":"2022-09-29T13:35:23+00:00","og_image":[{"url":"https:\/\/helenassist.com\/wp-content\/uploads\/2022\/07\/profile-pic-3.png","type":"","width":"","height":""}],"twitter_card":"summary_large_image","twitter_misc":{"Dur\u00e9e de lecture estim\u00e9e":"2 minutes"},"schema":{"@context":"https:\/\/schema.org","@graph":[{"@type":"WebPage","@id":"https:\/\/helenassist.com\/index.php\/a-propos\/","url":"https:\/\/helenassist.com\/index.php\/a-propos\/","name":"A propos - Helen&#039; Assist","isPartOf":{"@id":"https:\/\/helenassist.com\/#website"},"primaryImageOfPage":{"@id":"https:\/\/helenassist.com\/index.php\/a-propos\/#primaryimage"},"image":{"@id":"https:\/\/helenassist.com\/index.php\/a-propos\/#primaryimage"},"thumbnailUrl":"https:\/\/helenassist.com\/wp-content\/uploads\/2022\/07\/profile-pic-3.png","datePublished":"2022-06-14T12:36:15+00:00","dateModified":"2022-09-29T13:35:23+00:00","breadcrumb":{"@id":"https:\/\/helenassist.com\/index.php\/a-propos\/#breadcrumb"},"inLanguage":"fr-FR","potentialAction":[{"@type":"ReadAction","target":["https:\/\/helenassist.com\/index.php\/a-propos\/"]}]},{"@type":"ImageObject","inLanguage":"fr-FR","@id":"https:\/\/helenassist.com\/index.php\/a-propos\/#primaryimage","url":"https:\/\/helenassist.com\/wp-content\/uploads\/2022\/07\/profile-pic-3.png","contentUrl":"https:\/\/helenassist.com\/wp-content\/uploads\/2022\/07\/profile-pic-3.png","width":612,"height":612,"caption":"Photo profil Helen Assist"},{"@type":"BreadcrumbList","@id":"https:\/\/helenassist.com\/index.php\/a-propos\/#breadcrumb","itemListElement":[{"@type":"ListItem","position":1,"name":"Accueil","item":"https:\/\/helenassist.com\/"},{"@type":"ListItem","position":2,"name":"A propos"}]},{"@type":"WebSite","@id":"https:\/\/helenassist.com\/#website","url":"https:\/\/helenassist.com\/","name":"Helen&#039; Assist","description":"L&#039;Assistante qui vous fait gagner du temps","publisher":{"@id":"https:\/\/helenassist.com\/#organization"},"potentialAction":[{"@type":"SearchAction","target":{"@type":"EntryPoint","urlTemplate":"https:\/\/helenassist.com\/?s={search_term_string}"},"query-input":{"@type":"PropertyValueSpecification","valueRequired":true,"valueName":"search_term_string"}}],"inLanguage":"fr-FR"},{"@type":"Organization","@id":"https:\/\/helenassist.com\/#organization","name":"Helen&#039; Assist","url":"https:\/\/helenassist.com\/","logo":{"@type":"ImageObject","inLanguage":"fr-FR","@id":"https:\/\/helenassist.com\/#\/schema\/logo\/image\/","url":"https:\/\/helenassist.com\/wp-content\/uploads\/2022\/07\/Helen-Assist.png","contentUrl":"https:\/\/helenassist.com\/wp-content\/uploads\/2022\/07\/Helen-Assist.png","width":1500,"height":1500,"caption":"Helen&#039; Assist"},"image":{"@id":"https:\/\/helenassist.com\/#\/schema\/logo\/image\/"}}]}},"jetpack_sharing_enabled":true,"_links":{"self":[{"href":"https:\/\/helenassist.com\/index.php\/wp-json\/wp\/v2\/pages\/26","targetHints":{"allow":["GET"]}}],"collection":[{"href":"https:\/\/helenassist.com\/index.php\/wp-json\/wp\/v2\/pages"}],"about":[{"href":"https:\/\/helenassist.com\/index.php\/wp-json\/wp\/v2\/types\/page"}],"author":[{"embeddable":true,"href":"https:\/\/helenassist.com\/index.php\/wp-json\/wp\/v2\/users\/1"}],"replies":[{"embeddable":true,"href":"https:\/\/helenassist.com\/index.php\/wp-json\/wp\/v2\/comments?post=26"}],"version-history":[{"count":46,"href":"https:\/\/helenassist.com\/index.php\/wp-json\/wp\/v2\/pages\/26\/revisions"}],"predecessor-version":[{"id":720,"href":"https:\/\/helenassist.com\/index.php\/wp-json\/wp\/v2\/pages\/26\/revisions\/720"}],"wp:attachment":[{"href":"https:\/\/helenassist.com\/index.php\/wp-json\/wp\/v2\/media?parent=26"}],"curies":[{"name":"wp","href":"https:\/\/api.w.org\/{rel}","templated":true}]}}